{"id":133,"date":"2025-03-06T14:31:23","date_gmt":"2025-03-06T14:31:23","guid":{"rendered":"https:\/\/distritorock.com\/?page_id=133"},"modified":"2026-02-16T14:12:43","modified_gmt":"2026-02-16T14:12:43","slug":"home","status":"publish","type":"page","link":"https:\/\/distritorock.com\/","title":{"rendered":"HOME"},"content":{"rendered":"\n[et_pb_section fb_built=\u00bb1&#8243; fullwidth=\u00bbon\u00bb admin_label=\u00bbHeader\u00bb _builder_version=\u00bb4.16&#8243; background_color=\u00bb#000000&#8243; locked=\u00bboff\u00bb global_colors_info=\u00bb{}\u00bb][et_pb_fullwidth_slider _builder_version=\u00bb4.27.5&#8243; header_font=\u00bbMontserrat|800||on|||||\u00bb header_font_size=\u00bb6vw\u00bb header_line_height=\u00bb1.2em\u00bb button_text_size=\u00bb14px\u00bb button_text_color=\u00bb#ffffff\u00bb button_bg_color=\u00bb#f9002b\u00bb button_border_width=\u00bb0px\u00bb button_letter_spacing=\u00bb2px\u00bb button_font=\u00bbMontserrat|600||on|||||\u00bb button_icon=\u00bb&#xf0c0;||fa||900&#8243; button_icon_placement=\u00bbleft\u00bb button_on_hover=\u00bboff\u00bb button_custom_margin=\u00bb40px||||false|false\u00bb button_custom_padding=\u00bb16px|26px|16px|46px|true|false\u00bb text_orientation=\u00bbleft\u00bb custom_padding=\u00bb10vw|6%|10vw|6%|true|true\u00bb custom_padding_tablet=\u00bb|10vw||10vw|true|true\u00bb custom_padding_phone=\u00bb29vw|10vw|29vw|10vw|true|true\u00bb custom_padding_last_edited=\u00bbon|phone\u00bb global_colors_info=\u00bb{}\u00bb button_bg_color__hover_enabled=\u00bbon|desktop\u00bb button_bg_color__hover=\u00bb#6e42ff\u00bb button_bg_enable_color__hover=\u00bbon\u00bb][et_pb_slide heading=\u00bbwelcome to distrito rock\u00bb button_text=\u00bbEVENTOS\u00bb _builder_version=\u00bb4.27.5&#8243; use_background_color_gradient=\u00bbon\u00bb background_color_gradient_stops=\u00bbrgba(0,0,0,0) 0%|#000000 100%\u00bb background_color_gradient_overlays_image=\u00bbon\u00bb background_color_gradient_start=\u00bbrgba(0,0,0,0)\u00bb background_color_gradient_end=\u00bb#000000&#8243; background_image=\u00bbhttps:\/\/distritorock.com\/wp-content\/uploads\/2025\/04\/klara-kulikova-DjGbrszb0AA-unsplash-scaled.jpg\u00bb background_enable_image=\u00bbon\u00bb button_icon=\u00bb&#xe013;||divi||400&#8243; global_colors_info=\u00bb{}\u00bb sticky_transition=\u00bbon\u00bb]<p style=\"text-align: center;\"><span>El magazin para los mas rockeros<\/span><\/p>[\/et_pb_slide][et_pb_slide heading=\u00bbTu magazin especializado en rock\u00bb button_text=\u00bbSOCIOS\u00bb _builder_version=\u00bb4.27.5&#8243; use_background_color_gradient=\u00bbon\u00bb background_color_gradient_stops=\u00bbrgba(0,0,0,0) 0%|#000000 100%\u00bb background_color_gradient_overlays_image=\u00bbon\u00bb background_color_gradient_start=\u00bbrgba(0,0,0,0)\u00bb background_color_gradient_end=\u00bb#000000&#8243; background_image=\u00bbhttps:\/\/distritorock.com\/wp-content\/uploads\/2025\/04\/maeva-vigier-HrQAwyGc5MI-unsplash-scaled.jpg\u00bb background_enable_image=\u00bbon\u00bb button_icon=\u00bb&#xe08a;||divi||400&#8243; text_orientation=\u00bbcenter\u00bb global_colors_info=\u00bb{}\u00bb sticky_transition=\u00bbon\u00bb][\/et_pb_slide][\/et_pb_fullwidth_slider][\/et_pb_section][et_pb_section fb_built=\u00bb1&#8243; _builder_version=\u00bb4.27.5&#8243; _module_preset=\u00bbdefault\u00bb global_colors_info=\u00bb{}\u00bb][et_pb_row _builder_version=\u00bb4.27.5&#8243; _module_preset=\u00bbdefault\u00bb global_colors_info=\u00bb{}\u00bb][et_pb_column type=\u00bb4_4&#8243; _builder_version=\u00bb4.27.5&#8243; _module_preset=\u00bbdefault\u00bb global_colors_info=\u00bb{}\u00bb][et_pb_text _builder_version=\u00bb4.27.5&#8243; _module_preset=\u00bbdefault\u00bb global_colors_info=\u00bb{}\u00bb]<h2>Actualidad<\/h2>[\/et_pb_text][\/et_pb_column][\/et_pb_row][et_pb_row _builder_version=\u00bb4.27.5&#8243; _module_preset=\u00bbdefault\u00bb global_colors_info=\u00bb{}\u00bb][et_pb_column type=\u00bb4_4&#8243; _builder_version=\u00bb4.27.5&#8243; _module_preset=\u00bbdefault\u00bb global_colors_info=\u00bb{}\u00bb][et_pb_blog _builder_version=\u00bb4.27.5&#8243; _module_preset=\u00bbdefault\u00bb hover_enabled=\u00bb0&#8243; global_colors_info=\u00bb{}\u00bb sticky_enabled=\u00bb0&#8243; read_more_font=\u00bb|||||on|||\u00bb][\/et_pb_blog][\/et_pb_column][\/et_pb_row][\/et_pb_section][et_pb_section fb_built=\u00bb1&#8243; admin_label=\u00bbMovie Promo Slider\u00bb _builder_version=\u00bb4.16&#8243; background_color=\u00bb#000000&#8243; custom_padding=\u00bb0px||0px|||\u00bb locked=\u00bboff\u00bb][et_pb_row _builder_version=\u00bb4.16&#8243; custom_padding=\u00bb0px|||||\u00bb locked=\u00bboff\u00bb global_colors_info=\u00bb{}\u00bb][et_pb_column type=\u00bb4_4&#8243; _builder_version=\u00bb4.16&#8243; global_colors_info=\u00bb{}\u00bb][et_pb_text _builder_version=\u00bb4.27.4&#8243; header_2_font=\u00bbMontserrat|300|||||||\u00bb header_2_font_size=\u00bb70px\u00bb header_2_line_height=\u00bb1.2em\u00bb header_3_font=\u00bbMontserrat|700||on|||||\u00bb header_3_text_color=\u00bb#f9002b\u00bb header_3_font_size=\u00bb16px\u00bb header_3_letter_spacing=\u00bb2px\u00bb header_3_line_height=\u00bb1.4em\u00bb background_layout=\u00bbdark\u00bb max_width=\u00bb600px\u00bb custom_margin=\u00bb35px|||||\u00bb header_2_font_size_tablet=\u00bb40px\u00bb header_2_font_size_phone=\u00bb30px\u00bb header_2_font_size_last_edited=\u00bbon|phone\u00bb header_3_font_size_tablet=\u00bb14px\u00bb locked=\u00bboff\u00bb global_colors_info=\u00bb{}\u00bb]<h3>ESPACIO<\/h3>\n<h2>DISTRITO ROCK<\/h2>[\/et_pb_text][et_pb_slider _builder_version=\u00bb4.27.4&#8243; header_font=\u00bbMontserrat|800||on|||||\u00bb header_font_size=\u00bb6vw\u00bb header_line_height=\u00bb1.2em\u00bb button_text_size=\u00bb14px\u00bb button_text_color=\u00bb#ffffff\u00bb button_bg_color=\u00bb#f9002b\u00bb button_border_width=\u00bb0px\u00bb button_letter_spacing=\u00bb2px\u00bb button_font=\u00bbMontserrat|600||on|||||\u00bb button_icon=\u00bb&#xe024;||divi||400&#8243; button_icon_placement=\u00bbleft\u00bb button_on_hover=\u00bboff\u00bb button_custom_margin=\u00bb40px||||false|false\u00bb button_custom_padding=\u00bb16px|26px|16px|46px|true|false\u00bb text_orientation=\u00bbleft\u00bb locked=\u00bboff\u00bb global_colors_info=\u00bb{}\u00bb button_bg_color__hover=\u00bb#6e42ff\u00bb button_bg_color__hover_enabled=\u00bbon|desktop\u00bb button_bg_enable_color__hover=\u00bbon\u00bb][et_pb_slide heading=\u00bbESPACIO DISTRITO ROCK\u00bb use_bg_overlay=\u00bbon\u00bb bg_overlay_color=\u00bbrgba(0,0,0,0.44)\u00bb _builder_version=\u00bb4.27.4&#8243; background_image=\u00bbhttps:\/\/distritorock.com\/wp-content\/uploads\/2025\/08\/IMG-20250826-WA0014.jpg\u00bb background_enable_image=\u00bbon\u00bb locked=\u00bboff\u00bb global_colors_info=\u00bb{}\u00bb sticky_transition=\u00bbon\u00bb]<p><span>Si dispones de tiempo libre y quieres colaborar y disfrutar de manera altruista, organizar un espect\u00e1culo, taller, exposici\u00f3n, concierto o cualquier otra actividad no dudes en contactar con nosotros.<\/span><\/p>[\/et_pb_slide][et_pb_slide heading=\u00bbNOCHES TEMATICAS\u00bb button_text=\u00bbreservas\u00bb use_bg_overlay=\u00bbon\u00bb bg_overlay_color=\u00bbrgba(0,0,0,0.44)\u00bb _builder_version=\u00bb4.27.4&#8243; background_image=\u00bbhttps:\/\/distritorock.com\/wp-content\/uploads\/2025\/08\/IMG-20250826-WA0013.jpg\u00bb background_enable_image=\u00bbon\u00bb locked=\u00bboff\u00bb global_colors_info=\u00bb{}\u00bb sticky_transition=\u00bbon\u00bb]<p><span>Ideas tem\u00e1ticas para noches y ratos con amigos disfrutando del mejor Rock<\/span><\/p>[\/et_pb_slide][et_pb_slide heading=\u00bbdiversidad musical\u00bb button_text=\u00bbdescubrelos\u00bb use_bg_overlay=\u00bbon\u00bb bg_overlay_color=\u00bbrgba(0,0,0,0.44)\u00bb _builder_version=\u00bb4.27.4&#8243; background_image=\u00bbhttps:\/\/distritorock.com\/wp-content\/uploads\/2025\/08\/IMG-20250826-WA0009.jpg\u00bb background_enable_image=\u00bbon\u00bb locked=\u00bboff\u00bb global_colors_info=\u00bb{}\u00bb sticky_transition=\u00bbon\u00bb]<p>Desde el mejor Punk-Rock y Flamenco, hasta intensas jornadas de Reggae Dub: en Distrito Rock confluyen distintos estilos y eventos socioculturales que dan vida a nuestro espacio.<\/p>[\/et_pb_slide][\/et_pb_slider][\/et_pb_column][\/et_pb_row][\/et_pb_section][et_pb_section fb_built=\u00bb1&#8243; admin_label=\u00bbFooter\u00bb _builder_version=\u00bb4.27.4&#8243; use_background_color_gradient=\u00bbon\u00bb background_color_gradient_stops=\u00bb#000000 50%|rgba(0,0,0,0) 100%\u00bb background_color_gradient_overlays_image=\u00bbon\u00bb background_color_gradient_start=\u00bb#000000&#8243; background_color_gradient_end=\u00bbrgba(0,0,0,0)\u00bb background_color_gradient_end_position=\u00bb50%\u00bb background_image=\u00bbhttps:\/\/distritorock.com\/wp-content\/uploads\/2025\/09\/rachel-coyne-U7HLzMO4SIY-unsplash-scaled.jpg\u00bb custom_padding=\u00bb0px||0px|||\u00bb locked=\u00bboff\u00bb][\/et_pb_section]\n","protected":false},"excerpt":{"rendered":"<p>El magazin para los mas rockerosActualidadESPACIO DISTRITO ROCKSi dispones de tiempo libre y quieres colaborar y disfrutar de manera altruista, organizar un espect\u00e1culo, taller, exposici\u00f3n, concierto o cualquier otra actividad no dudes en contactar con nosotros.Ideas tem\u00e1ticas para noches y ratos con amigos disfrutando del mejor RockDesde el mejor Punk-Rock y Flamenco, hasta intensas jornadas [&hellip;]<\/p>\n","protected":false},"author":1,"featured_media":0,"parent":0,"menu_order":0,"comment_status":"closed","ping_status":"closed","template":"","meta":{"_et_pb_use_builder":"on","_et_pb_old_content":"","_et_gb_content_width":"","footnotes":""},"class_list":["post-133","page","type-page","status-publish","hentry"],"yoast_head":"<!-- This site is optimized with the Yoast SEO plugin v27.3 - https:\/\/yoast.com\/product\/yoast-seo-wordpress\/ -->\n<title>HOME - Distrito Rock<\/title>\n<meta name=\"description\" content=\"Tu magazine del mundo del rock y todas sus vertientes. Noticias, eventos, entrevistas y rese\u00f1as. Mantente al d\u00eda con nosotros\" \/>\n<meta name=\"robots\" content=\"index, follow, max-snippet:-1, max-image-preview:large, max-video-preview:-1\" \/>\n<link rel=\"canonical\" href=\"https:\/\/distritorock.com\/\" \/>\n<meta property=\"og:locale\" content=\"es_ES\" \/>\n<meta property=\"og:type\" content=\"article\" \/>\n<meta property=\"og:title\" content=\"HOME - Distrito Rock\" \/>\n<meta property=\"og:description\" content=\"Tu magazine del mundo del rock y todas sus vertientes. Noticias, eventos, entrevistas y rese\u00f1as. Mantente al d\u00eda con nosotros\" \/>\n<meta property=\"og:url\" content=\"https:\/\/distritorock.com\/\" \/>\n<meta property=\"og:site_name\" content=\"Distrito Rock\" \/>\n<meta property=\"article:modified_time\" content=\"2026-02-16T14:12:43+00:00\" \/>\n<meta name=\"twitter:card\" content=\"summary_large_image\" \/>\n<meta name=\"twitter:label1\" content=\"Tiempo de lectura\" \/>\n\t<meta name=\"twitter:data1\" content=\"1 minuto\" \/>\n<script type=\"application\/ld+json\" class=\"yoast-schema-graph\">{\"@context\":\"https:\\\/\\\/schema.org\",\"@graph\":[{\"@type\":\"WebPage\",\"@id\":\"https:\\\/\\\/distritorock.com\\\/\",\"url\":\"https:\\\/\\\/distritorock.com\\\/\",\"name\":\"HOME - Distrito Rock\",\"isPartOf\":{\"@id\":\"https:\\\/\\\/distritorock.com\\\/#website\"},\"datePublished\":\"2025-03-06T14:31:23+00:00\",\"dateModified\":\"2026-02-16T14:12:43+00:00\",\"description\":\"Tu magazine del mundo del rock y todas sus vertientes. Noticias, eventos, entrevistas y rese\u00f1as. Mantente al d\u00eda con nosotros\",\"breadcrumb\":{\"@id\":\"https:\\\/\\\/distritorock.com\\\/#breadcrumb\"},\"inLanguage\":\"es\",\"potentialAction\":[{\"@type\":\"ReadAction\",\"target\":[\"https:\\\/\\\/distritorock.com\\\/\"]}]},{\"@type\":\"BreadcrumbList\",\"@id\":\"https:\\\/\\\/distritorock.com\\\/#breadcrumb\",\"itemListElement\":[{\"@type\":\"ListItem\",\"position\":1,\"name\":\"Portada\",\"item\":\"https:\\\/\\\/distritorock.com\\\/\"},{\"@type\":\"ListItem\",\"position\":2,\"name\":\"HOME\"}]},{\"@type\":\"WebSite\",\"@id\":\"https:\\\/\\\/distritorock.com\\\/#website\",\"url\":\"https:\\\/\\\/distritorock.com\\\/\",\"name\":\"Distrito Rock\",\"description\":\"\",\"potentialAction\":[{\"@type\":\"SearchAction\",\"target\":{\"@type\":\"EntryPoint\",\"urlTemplate\":\"https:\\\/\\\/distritorock.com\\\/?s={search_term_string}\"},\"query-input\":{\"@type\":\"PropertyValueSpecification\",\"valueRequired\":true,\"valueName\":\"search_term_string\"}}],\"inLanguage\":\"es\"}]}<\/script>\n<!-- \/ Yoast SEO plugin. -->","yoast_head_json":{"title":"HOME - Distrito Rock","description":"Tu magazine del mundo del rock y todas sus vertientes. Noticias, eventos, entrevistas y rese\u00f1as. Mantente al d\u00eda con nosotros","robots":{"index":"index","follow":"follow","max-snippet":"max-snippet:-1","max-image-preview":"max-image-preview:large","max-video-preview":"max-video-preview:-1"},"canonical":"https:\/\/distritorock.com\/","og_locale":"es_ES","og_type":"article","og_title":"HOME - Distrito Rock","og_description":"Tu magazine del mundo del rock y todas sus vertientes. Noticias, eventos, entrevistas y rese\u00f1as. Mantente al d\u00eda con nosotros","og_url":"https:\/\/distritorock.com\/","og_site_name":"Distrito Rock","article_modified_time":"2026-02-16T14:12:43+00:00","twitter_card":"summary_large_image","twitter_misc":{"Tiempo de lectura":"1 minuto"},"schema":{"@context":"https:\/\/schema.org","@graph":[{"@type":"WebPage","@id":"https:\/\/distritorock.com\/","url":"https:\/\/distritorock.com\/","name":"HOME - Distrito Rock","isPartOf":{"@id":"https:\/\/distritorock.com\/#website"},"datePublished":"2025-03-06T14:31:23+00:00","dateModified":"2026-02-16T14:12:43+00:00","description":"Tu magazine del mundo del rock y todas sus vertientes. Noticias, eventos, entrevistas y rese\u00f1as. Mantente al d\u00eda con nosotros","breadcrumb":{"@id":"https:\/\/distritorock.com\/#breadcrumb"},"inLanguage":"es","potentialAction":[{"@type":"ReadAction","target":["https:\/\/distritorock.com\/"]}]},{"@type":"BreadcrumbList","@id":"https:\/\/distritorock.com\/#breadcrumb","itemListElement":[{"@type":"ListItem","position":1,"name":"Portada","item":"https:\/\/distritorock.com\/"},{"@type":"ListItem","position":2,"name":"HOME"}]},{"@type":"WebSite","@id":"https:\/\/distritorock.com\/#website","url":"https:\/\/distritorock.com\/","name":"Distrito Rock","description":"","potentialAction":[{"@type":"SearchAction","target":{"@type":"EntryPoint","urlTemplate":"https:\/\/distritorock.com\/?s={search_term_string}"},"query-input":{"@type":"PropertyValueSpecification","valueRequired":true,"valueName":"search_term_string"}}],"inLanguage":"es"}]}},"_links":{"self":[{"href":"https:\/\/distritorock.com\/index.php?rest_route=\/wp\/v2\/pages\/133","targetHints":{"allow":["GET"]}}],"collection":[{"href":"https:\/\/distritorock.com\/index.php?rest_route=\/wp\/v2\/pages"}],"about":[{"href":"https:\/\/distritorock.com\/index.php?rest_route=\/wp\/v2\/types\/page"}],"author":[{"embeddable":true,"href":"https:\/\/distritorock.com\/index.php?rest_route=\/wp\/v2\/users\/1"}],"replies":[{"embeddable":true,"href":"https:\/\/distritorock.com\/index.php?rest_route=%2Fwp%2Fv2%2Fcomments&post=133"}],"version-history":[{"count":28,"href":"https:\/\/distritorock.com\/index.php?rest_route=\/wp\/v2\/pages\/133\/revisions"}],"predecessor-version":[{"id":292,"href":"https:\/\/distritorock.com\/index.php?rest_route=\/wp\/v2\/pages\/133\/revisions\/292"}],"wp:attachment":[{"href":"https:\/\/distritorock.com\/index.php?rest_route=%2Fwp%2Fv2%2Fmedia&parent=133"}],"curies":[{"name":"wp","href":"https:\/\/api.w.org\/{rel}","templated":true}]}}